
{"id":45,"date":"2015-04-28T03:53:04","date_gmt":"2015-04-28T00:53:04","guid":{"rendered":"http:\/\/www.dreaml4nd.net\/?page_id=45"},"modified":"2023-03-26T07:08:57","modified_gmt":"2023-03-26T04:08:57","slug":"gig-calendar-2","status":"publish","type":"page","link":"https:\/\/www.dreaml4nd.net\/?page_id=45","title":{"rendered":"Gig Calendar"},"content":{"rendered":"<p>Apologies that I don&#8217;t always remember to update the calendar and a lot of gigs are missing \ud83d\ude42<\/p>\n<ul>\n<li><strong>2022-09-23<\/strong>: Aegonox 20Y Anniversary set @ Trip To Goa w. Globular. Kaivohuone, Helsinki, Finland.<\/li>\n<li><strong>2022-08-06<\/strong>: Aegonox B2B Tim Duster @ Shamantrala UG. PK-Seutu, Finland.<\/li>\n<li><strong>2022-07-15<\/strong>: Aegonox 2h prog @ Goa Progressive UG, PK-Seutu, Finland.<\/li>\n<li><strong>2022-06-10<\/strong>: Aegonox @ H\u00e4m\u00e4r\u00e4n Rajamailla UG. PK-Seutu, Finland.<\/li>\n<li><strong>2022-05-06<\/strong>: Aegonox B2B Papa Psy @ Trip To Goa w. Carbon Based Lifeforms. Kaivohuone, Helsinki, Finland.<\/li>\n<li><strong>2022-04-15<\/strong>: Aegonox @ \u00d6-Mappi UG. Helsinki, Finland.<\/li>\n<li><strong>2022-03-18<\/strong>: Dreaml4nd Zilk World releaset set2 @ Elektroniset Kev\u00e4ttanssit UG. PK-Seutu, Finland.<\/li>\n<li>&nbsp;<\/li>\n<li><strong>2021-12-25<\/strong>: Aegonox @ Goa Mini Stream. Twitch.<\/li>\n<li><strong>2021-11-30<\/strong>: TALK SHOW, Dreaml4nd @ Loputon Sekvenssi (by DJ Proteus. Youtube stream.<\/li>\n<li>PAUSE<\/li>\n<li><strong>2021-10-22<\/strong>: Dreaml4nd Zilk World release set @ Goa Progressive. Kaivohuone, Helsinki, Finland.<\/li>\n<li><strong>2021-06-26<\/strong>: Dark Aegonox @ UG Forest, PK-Seutu, Finland.<\/li>\n<li>PAUSE<\/li>\n<li>&nbsp;<\/li>\n<li><strong>2020-10-09<\/strong>: Aegonox B2B Proteus @ Trip To Goa. Kaivohuone, Helsinki, Finland.<\/li>\n<li><strong>2020-08-28<\/strong>: Dreaml4nd @ UG Cave, PK-Seutu, Finland.<\/li>\n<li><strong>2020-07-23<\/strong>: Aegonox B2B Korento @ Goa Progressive. Kaivohuone, Helsinki, Finland.<\/li>\n<li><strong>2020-07-03<\/strong>: Aegonox @ Grani UG Forest, PK-Seutu, Finland.<\/li>\n<li><strong>2020-06-18<\/strong>: Aegonox @ H\u00e4m\u00e4r\u00e4 UG Forest, PK-Seutu, Finland.<\/li>\n<li>PAUSE<\/li>\n<li><strong>2020-01-31<\/strong>: (Proteus B2B Nebula Meltdown B2B Aegonox) @ Utopia Trance &#8211; Alpha Portal. The Circus, Helsinki, Finland.<\/li>\n<li><strong>2020-01-01<\/strong>: Aegonox @ Illusions Productions. Nosturi, Helsinki, Finland.<\/li>\n<li>&nbsp;<\/li>\n<li><strong>2019-12-27<\/strong>: Aegonox 3h @ Goa Progressive. Kaivohuone, Helsinki, Finland.<\/li>\n<li><strong>2019-12-14<\/strong>: Dreaml4nd @ Dreamsonic, Suntrip 15Y Anniversary, Twenty One, Tampere, Finland.<\/li>\n<li><strong>2019-11-30<\/strong>: Aegonox @ Pirate Psy, Merikerho, Helsinki, Finland.<\/li>\n<li><strong>2019-10-18<\/strong>: Dreaml4nd, Aegonox @ Trip To Goa. Kaivohuone, Helsinki, Finland.<\/li>\n<li><strong>2019-10-05<\/strong>: Aegonox @ H\u00e4m\u00e4r\u00e4 2Y anniversary, UG, Helsinki, Finland.<\/li>\n<li><strong>2019-08-16<\/strong>: Aegonox @ Bermuda Gathering, Saimaa, Finland.<\/li>\n<li><strong>2019-06-15<\/strong>: Aegonox @ UG, Helsinki, Finland.<\/li>\n<li><strong>2019-05-25<\/strong>: Aegonox @ UG, It\u00e4-Helsinki, Finland.<\/li>\n<li><strong>2019-05-11<\/strong>: Dreaml4nd @ Linoleum, Koenji Cave, Koenji, Tokyo, Japan<\/li>\n<li><strong>2019-05-11<\/strong>: Dreaml4nd @ Adelic Records, Bar Fai, Shibuya, Tokyo, Japan<\/li>\n<li><strong>2019-04-26<\/strong>: Aegonox @ H\u00e4m\u00e4r\u00e4 UG, Vantaa, Finland<\/li>\n<li><strong>2019-04-20<\/strong>: Dreaml4nd @ SEMC: Smokedelia, Holy Smoke, Sein\u00e4joki, Finland<\/li>\n<li><strong>2019-03-08<\/strong>: Aegonox 3h chillout set @ Trip To Goa 10Y Pre-Party w. Flowers of Life, Kaivohuone, Helsinki<\/li>\n<li><strong>2019-01-19<\/strong>: Aegonox @ SuomiGoa, Gloria, Helsinki, Finland<\/li>\n<\/ul>\n<ul>\n<li><strong>2018-12-15<\/strong>: Dreaml4nd\/Aegonox @ UG, Lahti, Finland<\/li>\n<li>&#8230;<\/li>\n<li>&#8230;<\/li>\n<li><strong>2017-04-07<\/strong>: Dreaml4nd @&nbsp;<a href=\"https:\/\/www.facebook.com\/events\/133488180476759\/\">TRIP TO GOA.<\/a>&nbsp;Helsinki, Finland.<\/li>\n<li><strong>2017-04-27<\/strong>: Peter Pan @ KIERR\u00c4TYSKESKUS. Espoo, Finland.<\/li>\n<li><strong>2017-07-07<\/strong>: Dreaml4nd @&nbsp;<a href=\"https:\/\/www.facebook.com\/events\/311826479173260\/\">KOSMOS FESTIVAL.<\/a>&nbsp;Ristiina, Finland.<\/li>\n<li><strong>2016-09-XX<\/strong>: Aegonox @ Bermuda Gathering 9Y. Saimaa, Finland.<\/li>\n<li><strong>2016-09-XX<\/strong>: Dreaml4nd, Aegonox @ Trip To Goa w. Solar Fields. Helsinki, Finland.<\/li>\n<li><strong>2016-04-XX<\/strong>: Aegonox 6h @ Goa Progressive. Club Dark Side, Helsinki, Finland.<\/li>\n<li><strong>2016-01-XX<\/strong>: Dreaml4nd, Aegonox @ Trip To Goa w. Ott. Helsinki, Finland.<\/li>\n<li><strong>2015-09-XX<\/strong>: Dreaml4nd @ Dreaml4nd Zilk Road release party. Club Venue, Helsinki, Finland.&nbsp;<\/li>\n<li><strong>2015-03-XX<\/strong>: Goa 7Y w. Space Buddha, Artifact303. Helsinki, Finland.<\/li>\n<li>&nbsp;<\/li>\n<li>&#8230;<\/li>\n<li>&#8230;<\/li>\n<li><strong>2014-12-11:<\/strong>&nbsp;Dreaml4nd @ NOBLAS PROJECT &#8211; SPACE BUDDHA &amp; INDICA 2HR Retro Set. Open Air, Israel.<\/li>\n<li><strong>2014-10-25:<\/strong>&nbsp;Dreaml4nd @ GOA DREAMLAND (Dreamland album release party). Venue, Helsinki.<\/li>\n<li><strong>2014-10-XX<\/strong>: Dreaml4nd @ Tyemyy UG, Turku, Finland<\/li>\n<li><strong>2014-09-XX<\/strong>: Dreaml4nd @ Dreaml4nd Dreamland release party. Helsinki, Finland.<\/li>\n<li><strong>2014-04-XX<\/strong>: Dreaml4nd, Aegonox @ Trip To Goa w. Ott. Helsinki, Finland<\/li>\n<li><strong>2013-10-XX<\/strong>: Dreaml4nd, Aegonox @ Goa 6Y w. Talamasca. Helsinki, Finland<\/li>\n<li><strong>2013-04-06:<\/strong>&nbsp;Aegonox @&nbsp;CLINIC &amp; ORKIDEA present JOHN 00 FLEMING &#8211;One Hundred WKO Album Release Party&#8211;. Venue, Helsinki.<\/li>\n<li><strong>2012-03-09:<\/strong>&nbsp; Dreaml4nd @ TRIP TO GOA W. OTT (Twisted, UK) and Hidria Spacefolk. Venue, Helsinki.<\/li>\n<li><strong>2011-05-20:<\/strong>&nbsp;Dark Aegonox @&nbsp;UG GOA w. Vibrasphere Live (last gig). UG, Espoo.<\/li>\n<li><strong>2011-03-26:<\/strong>&nbsp;Peter Pan, Aegonox, Dreaml4nd @&nbsp;CIRCVS ENTROPIA. UG, Helsinki.<\/li>\n<li><strong>2010-06-26:<\/strong>&nbsp;Aegonox @ SHANTIDELIC. Gili Air, Indonesia.<\/li>\n<li><strong>2009-12-04:<\/strong> Aegonox, Peter Pan @ TRIP TO GOA w. Tripteaser Live, Triptych. old Playground, Helsinki.<\/li>\n<li><strong>2009-09-18:<\/strong> Aegonox @ AURA OF GOA (Goa2V) PE 18.9. w. Talamasca, Andromeda, Chromosome and Trootootoo decos. Helsinki Club, Helsinki.<\/li>\n<li><strong>2008-10-25:<\/strong> Aegonox @&nbsp;NEO &amp; C2C present INFECTED MUSHROOM world tour 2008. Voimala, Helsinki.<\/li>\n<li><strong>2007-12-08:<\/strong> Aegonox @&nbsp;Goa and Entropy presents: AURA OF GOA with Prometheus Live (Twisted, UK). TF, Espoo.<\/li>\n<li><strong>2007-09-09:<\/strong> Aegonox @ ALKALOID EXTRACTIONS. Rotterdam, Netherlands.<\/li>\n<li><strong>2004-12-31:<\/strong> Aegonox @ 6D-SOUNDS\/DAT-MAFIA new year cottage party, Fuji-Yoshida, Japan.<\/li>\n<\/ul>\n\n\n<p><\/p>\n","protected":false},"excerpt":{"rendered":"<p>Apologies that I don&#8217;t always remember to update the calendar and a lot of gigs are missing \ud83d\ude42 2022-09-23: Aegonox 20Y Anniversary set @ Trip To Goa w. Globular. Kaivohuone, Helsinki, Finland. 2022-08-06: Aegonox B2B Tim Duster @ Shamantrala UG. PK-Seutu, Finland. 2022-07-15: Aegonox 2h prog @ Goa Progressive UG, PK-Seutu, Finland. 2022-06-10: Aegonox @ &hellip; <a href=\"https:\/\/www.dreaml4nd.net\/?page_id=45\" class=\"more-link\">Continue reading <span class=\"screen-reader-text\">Gig Calendar<\/span> <span class=\"meta-nav\">&rarr;<\/span><\/a><\/p>\n","protected":false},"author":1,"featured_media":0,"parent":0,"menu_order":6,"comment_status":"closed","ping_status":"open","template":"","meta":{"footnotes":""},"class_list":["post-45","page","type-page","status-publish","hentry"],"_links":{"self":[{"href":"https:\/\/www.dreaml4nd.net\/index.php?rest_route=\/wp\/v2\/pages\/45","targetHints":{"allow":["GET"]}}],"collection":[{"href":"https:\/\/www.dreaml4nd.net\/index.php?rest_route=\/wp\/v2\/pages"}],"about":[{"href":"https:\/\/www.dreaml4nd.net\/index.php?rest_route=\/wp\/v2\/types\/page"}],"author":[{"embeddable":true,"href":"https:\/\/www.dreaml4nd.net\/index.php?rest_route=\/wp\/v2\/users\/1"}],"replies":[{"embeddable":true,"href":"https:\/\/www.dreaml4nd.net\/index.php?rest_route=%2Fwp%2Fv2%2Fcomments&post=45"}],"version-history":[{"count":0,"href":"https:\/\/www.dreaml4nd.net\/index.php?rest_route=\/wp\/v2\/pages\/45\/revisions"}],"wp:attachment":[{"href":"https:\/\/www.dreaml4nd.net\/index.php?rest_route=%2Fwp%2Fv2%2Fmedia&parent=45"}],"curies":[{"name":"wp","href":"https:\/\/api.w.org\/{rel}","templated":true}]}}